{"id":179,"date":"2020-07-21T20:12:34","date_gmt":"2020-07-21T20:12:34","guid":{"rendered":"http:\/\/ikantartzis.net\/?page_id=179"},"modified":"2020-08-26T02:02:35","modified_gmt":"2020-08-26T02:02:35","slug":"faqs","status":"publish","type":"page","link":"https:\/\/ikantartzis.com\/es\/faqs\/","title":{"rendered":"Preguntas frecuentes"},"content":{"rendered":"<div data-elementor-type=\"wp-page\" data-elementor-id=\"179\" class=\"elementor elementor-179\" data-elementor-post-type=\"page\">\n\t\t\t\t\t\t<section class=\"elementor-section elementor-top-section elementor-element elementor-element-709b038 elementor-section-boxed elementor-section-height-default elementor-section-height-default\" data-id=\"709b038\" data-element_type=\"section\" data-e-type=\"section\" data-settings=\"{&quot;background_background&quot;:&quot;classic&quot;}\">\n\t\t\t\t\t\t\t<div class=\"elementor-background-overlay\"><\/div>\n\t\t\t\t\t\t\t<div class=\"elementor-container elementor-column-gap-default\">\n\t\t\t\t\t<div class=\"elementor-column elementor-col-100 elementor-top-column elementor-element elementor-element-71c5998\" data-id=\"71c5998\" data-element_type=\"column\" data-e-type=\"column\">\n\t\t\t<div class=\"elementor-widget-wrap elementor-element-populated\">\n\t\t\t\t\t\t<div class=\"elementor-element elementor-element-bd65292 elementor-widget elementor-widget-heading\" data-id=\"bd65292\" data-element_type=\"widget\" data-e-type=\"widget\" data-widget_type=\"heading.default\">\n\t\t\t\t<div class=\"elementor-widget-container\">\n\t\t\t\t\t<h5 class=\"elementor-heading-title elementor-size-default\">PREGUNTAS FRECUENTES<\/h5>\t\t\t\t<\/div>\n\t\t\t\t<\/div>\n\t\t\t\t\t<\/div>\n\t\t<\/div>\n\t\t\t\t\t<\/div>\n\t\t<\/section>\n\t\t\t\t<section class=\"elementor-section elementor-top-section elementor-element elementor-element-9376b43 elementor-section-boxed elementor-section-height-default elementor-section-height-default\" data-id=\"9376b43\" data-element_type=\"section\" data-e-type=\"section\">\n\t\t\t\t\t\t<div class=\"elementor-container elementor-column-gap-default\">\n\t\t\t\t\t<div class=\"elementor-column elementor-col-50 elementor-top-column elementor-element elementor-element-50897cb\" data-id=\"50897cb\" data-element_type=\"column\" data-e-type=\"column\">\n\t\t\t<div class=\"elementor-widget-wrap elementor-element-populated\">\n\t\t\t\t\t\t<div class=\"elementor-element elementor-element-f6dec1c elementor-widget elementor-widget-accordion\" data-id=\"f6dec1c\" data-element_type=\"widget\" data-e-type=\"widget\" data-widget_type=\"accordion.default\">\n\t\t\t\t<div class=\"elementor-widget-container\">\n\t\t\t\t\t\t\t<div class=\"elementor-accordion\">\n\t\t\t\t\t\t\t<div class=\"elementor-accordion-item\">\n\t\t\t\t\t<div id=\"elementor-tab-title-2581\" class=\"elementor-tab-title\" data-tab=\"1\" role=\"button\" aria-controls=\"elementor-tab-content-2581\" aria-expanded=\"false\">\n\t\t\t\t\t\t\t\t\t\t\t\t\t<span class=\"elementor-accordion-icon elementor-accordion-icon-right\" aria-hidden=\"true\">\n\t\t\t\t\t\t\t\t\t\t\t\t\t\t\t<span class=\"elementor-accordion-icon-closed\"><i class=\"fas fa-plus\"><\/i><\/span>\n\t\t\t\t\t\t\t\t<span class=\"elementor-accordion-icon-opened\"><i class=\"fas fa-minus\"><\/i><\/span>\n\t\t\t\t\t\t\t\t\t\t\t\t\t\t<\/span>\n\t\t\t\t\t\t\t\t\t\t\t\t<a class=\"elementor-accordion-title\" tabindex=\"0\">\u00bfQU\u00c9 ES UN CFD?<\/a>\n\t\t\t\t\t<\/div>\n\t\t\t\t\t<div id=\"elementor-tab-content-2581\" class=\"elementor-tab-content elementor-clearfix\" data-tab=\"1\" role=\"region\" aria-labelledby=\"elementor-tab-title-2581\"><p>Un CFD (contrato por diferencia) es un instrumento financiero que se basa en un subyacente y que permite a un inversor\/trader experimentar todos los beneficios y riesgos de poseer dicho valor subyacente sin poseerlo realmente. El CFD reflejar\u00e1 el movimiento del subyacente, ya sea una acci\u00f3n o un \u00edndice u otra clase de activos, y no tiene fecha de vencimiento. Como se usa con apalancamiento, es una poderosa herramienta en manos de un trader informado, pero tambi\u00e9n puede causar altas p\u00e9rdidas en una cartera en donde se emplee demasiado apalancamiento o en donde no se apliquen l\u00edmites de p\u00e9rdidas y una adecuada administraci\u00f3n de riesgos.<\/p><\/div>\n\t\t\t\t<\/div>\n\t\t\t\t\t\t\t<div class=\"elementor-accordion-item\">\n\t\t\t\t\t<div id=\"elementor-tab-title-2582\" class=\"elementor-tab-title\" data-tab=\"2\" role=\"button\" aria-controls=\"elementor-tab-content-2582\" aria-expanded=\"false\">\n\t\t\t\t\t\t\t\t\t\t\t\t\t<span class=\"elementor-accordion-icon elementor-accordion-icon-right\" aria-hidden=\"true\">\n\t\t\t\t\t\t\t\t\t\t\t\t\t\t\t<span class=\"elementor-accordion-icon-closed\"><i class=\"fas fa-plus\"><\/i><\/span>\n\t\t\t\t\t\t\t\t<span class=\"elementor-accordion-icon-opened\"><i class=\"fas fa-minus\"><\/i><\/span>\n\t\t\t\t\t\t\t\t\t\t\t\t\t\t<\/span>\n\t\t\t\t\t\t\t\t\t\t\t\t<a class=\"elementor-accordion-title\" tabindex=\"0\">\u00bfQu\u00e9 es un derivado?<\/a>\n\t\t\t\t\t<\/div>\n\t\t\t\t\t<div id=\"elementor-tab-content-2582\" class=\"elementor-tab-content elementor-clearfix\" data-tab=\"2\" role=\"region\" aria-labelledby=\"elementor-tab-title-2582\"><p>Es un valor cuyo precio depende de, o se deriva, de uno o m\u00e1s activos subyacentes. El derivado en s\u00ed mismo es simplemente un contrato entre 2 o m\u00e1s partes. Su valor est\u00e1 determinado por las fluctuaciones del activo subyacente. Los activos subyacentes m\u00e1s comunes incluyen acciones, bonos, productos b\u00e1sicos, divisas, tasas de inter\u00e9s e \u00edndices de mercado. La mayor\u00eda de los derivados se caracterizan por su alto apalancamiento. Los contratos de futuros, contratos a plazo, opciones y swaps son los tipos m\u00e1s comunes de derivados.<\/p><\/div>\n\t\t\t\t<\/div>\n\t\t\t\t\t\t\t<div class=\"elementor-accordion-item\">\n\t\t\t\t\t<div id=\"elementor-tab-title-2583\" class=\"elementor-tab-title\" data-tab=\"3\" role=\"button\" aria-controls=\"elementor-tab-content-2583\" aria-expanded=\"false\">\n\t\t\t\t\t\t\t\t\t\t\t\t\t<span class=\"elementor-accordion-icon elementor-accordion-icon-right\" aria-hidden=\"true\">\n\t\t\t\t\t\t\t\t\t\t\t\t\t\t\t<span class=\"elementor-accordion-icon-closed\"><i class=\"fas fa-plus\"><\/i><\/span>\n\t\t\t\t\t\t\t\t<span class=\"elementor-accordion-icon-opened\"><i class=\"fas fa-minus\"><\/i><\/span>\n\t\t\t\t\t\t\t\t\t\t\t\t\t\t<\/span>\n\t\t\t\t\t\t\t\t\t\t\t\t<a class=\"elementor-accordion-title\" tabindex=\"0\">\u00bfQu\u00e9 es una divisa cruzada?<\/a>\n\t\t\t\t\t<\/div>\n\t\t\t\t\t<div id=\"elementor-tab-content-2583\" class=\"elementor-tab-content elementor-clearfix\" data-tab=\"3\" role=\"region\" aria-labelledby=\"elementor-tab-title-2583\"><p>Una divisa cruzada es cualquier par de divisas en el cual ninguna de las 2 es el d\u00f3lar estadounidense. Estos pares exhiben un comportamiento de precio err\u00e1tico ya que el trader, en efecto, puede iniciar 2 operaciones usando el USD. Por ejemplo, iniciar una operaci\u00f3n a largo (compra) en el EUR\/GBP, es equivalente a comprar un par de divisas EUR\/USD y vender GBP\/USD. Los pares de divisas que se cruzan con mayor frecuencia conllevar\u00edan un mayor coste de transacci\u00f3n, pero son iguales de lucrativos en t\u00e9rminos de rendimiento.<\/p><\/div>\n\t\t\t\t<\/div>\n\t\t\t\t\t\t\t<div class=\"elementor-accordion-item\">\n\t\t\t\t\t<div id=\"elementor-tab-title-2584\" class=\"elementor-tab-title\" data-tab=\"4\" role=\"button\" aria-controls=\"elementor-tab-content-2584\" aria-expanded=\"false\">\n\t\t\t\t\t\t\t\t\t\t\t\t\t<span class=\"elementor-accordion-icon elementor-accordion-icon-right\" aria-hidden=\"true\">\n\t\t\t\t\t\t\t\t\t\t\t\t\t\t\t<span class=\"elementor-accordion-icon-closed\"><i class=\"fas fa-plus\"><\/i><\/span>\n\t\t\t\t\t\t\t\t<span class=\"elementor-accordion-icon-opened\"><i class=\"fas fa-minus\"><\/i><\/span>\n\t\t\t\t\t\t\t\t\t\t\t\t\t\t<\/span>\n\t\t\t\t\t\t\t\t\t\t\t\t<a class=\"elementor-accordion-title\" tabindex=\"0\">\u00bfC\u00f3mo uso la cobertura?<\/a>\n\t\t\t\t\t<\/div>\n\t\t\t\t\t<div id=\"elementor-tab-content-2584\" class=\"elementor-tab-content elementor-clearfix\" data-tab=\"4\" role=\"region\" aria-labelledby=\"elementor-tab-title-2584\"><p>La cobertura es una pr\u00e1ctica para llevar a cabo una actividad de inversi\u00f3n que le permita protegerse contra las p\u00e9rdidas de otra, por ejemplo una venta a corto para anular una compra anterior, o compra alcista para compensar una venta a corto anterior. Si bien las coberturas reducen las p\u00e9rdidas potenciales, tambi\u00e9n tienden a reducir las ganancias potenciales. Sin embargo, siempre se aconseja, y de hecho es una pr\u00e1ctica com\u00fan de todos los traders experimentados, el aplicar las estrategias de cobertura al abrir una posici\u00f3n, ya que conduce a una gesti\u00f3n de riesgos m\u00e1s efectiva que es clave para obtener el \u00e9xito operativo.<\/p><\/div>\n\t\t\t\t<\/div>\n\t\t\t\t\t\t\t\t<\/div>\n\t\t\t\t\t\t<\/div>\n\t\t\t\t<\/div>\n\t\t\t\t\t<\/div>\n\t\t<\/div>\n\t\t\t\t<div class=\"elementor-column elementor-col-50 elementor-top-column elementor-element elementor-element-d9124b2\" data-id=\"d9124b2\" data-element_type=\"column\" data-e-type=\"column\">\n\t\t\t<div class=\"elementor-widget-wrap elementor-element-populated\">\n\t\t\t\t\t\t<div class=\"elementor-element elementor-element-1228c38 elementor-widget elementor-widget-accordion\" data-id=\"1228c38\" data-element_type=\"widget\" data-e-type=\"widget\" data-widget_type=\"accordion.default\">\n\t\t\t\t<div class=\"elementor-widget-container\">\n\t\t\t\t\t\t\t<div class=\"elementor-accordion\">\n\t\t\t\t\t\t\t<div class=\"elementor-accordion-item\">\n\t\t\t\t\t<div id=\"elementor-tab-title-1901\" class=\"elementor-tab-title\" data-tab=\"1\" role=\"button\" aria-controls=\"elementor-tab-content-1901\" aria-expanded=\"false\">\n\t\t\t\t\t\t\t\t\t\t\t\t\t<span class=\"elementor-accordion-icon elementor-accordion-icon-right\" aria-hidden=\"true\">\n\t\t\t\t\t\t\t\t\t\t\t\t\t\t\t<span class=\"elementor-accordion-icon-closed\"><i class=\"fas fa-plus\"><\/i><\/span>\n\t\t\t\t\t\t\t\t<span class=\"elementor-accordion-icon-opened\"><i class=\"fas fa-minus\"><\/i><\/span>\n\t\t\t\t\t\t\t\t\t\t\t\t\t\t<\/span>\n\t\t\t\t\t\t\t\t\t\t\t\t<a class=\"elementor-accordion-title\" tabindex=\"0\">\u00bfCu\u00e1les son los pros y los contras del apalancamiento?<\/a>\n\t\t\t\t\t<\/div>\n\t\t\t\t\t<div id=\"elementor-tab-content-1901\" class=\"elementor-tab-content elementor-clearfix\" data-tab=\"1\" role=\"region\" aria-labelledby=\"elementor-tab-title-1901\"><p>El apalancamiento es una relaci\u00f3n entre el montante del capital utilizado en una transacci\u00f3n y el dep\u00f3sito de seguridad requerido (margen). Es la capacidad de controlar grandes cantidades de un valor con una cantidad relativamente peque\u00f1a de capital. El apalancamiento var\u00eda dr\u00e1sticamente entre los agentes, variando de entre 2:1 a 400:1. El apalancamiento permite al trader participar incluso en movimientos fraccionarios del mercado, o magnificar sus ganancias, sin embargo se debe aplicar con una especial precauci\u00f3n, ya que tambi\u00e9n existen riesgos importantes para aquellos que no saben utilizarlo.<\/p><\/div>\n\t\t\t\t<\/div>\n\t\t\t\t\t\t\t<div class=\"elementor-accordion-item\">\n\t\t\t\t\t<div id=\"elementor-tab-title-1902\" class=\"elementor-tab-title\" data-tab=\"2\" role=\"button\" aria-controls=\"elementor-tab-content-1902\" aria-expanded=\"false\">\n\t\t\t\t\t\t\t\t\t\t\t\t\t<span class=\"elementor-accordion-icon elementor-accordion-icon-right\" aria-hidden=\"true\">\n\t\t\t\t\t\t\t\t\t\t\t\t\t\t\t<span class=\"elementor-accordion-icon-closed\"><i class=\"fas fa-plus\"><\/i><\/span>\n\t\t\t\t\t\t\t\t<span class=\"elementor-accordion-icon-opened\"><i class=\"fas fa-minus\"><\/i><\/span>\n\t\t\t\t\t\t\t\t\t\t\t\t\t\t<\/span>\n\t\t\t\t\t\t\t\t\t\t\t\t<a class=\"elementor-accordion-title\" tabindex=\"0\">\u00bfC\u00f3mo calculo mi margen?<\/a>\n\t\t\t\t\t<\/div>\n\t\t\t\t\t<div id=\"elementor-tab-content-1902\" class=\"elementor-tab-content elementor-clearfix\" data-tab=\"2\" role=\"region\" aria-labelledby=\"elementor-tab-title-1902\"><p>Cuando abra una nueva cuenta con margen en un agente de bolsa, debe depositar una cantidad m\u00ednima en su cuenta. Este m\u00ednimo var\u00eda entre los agentes de bolsa y puede ser tan reducido como $ 100 o tan alto como $ 100,000. Cada vez que ejecuta una nueva operaci\u00f3n, un cierto porcentaje del saldo de la cuenta se apartar\u00e1 como requisito de margen inicial para la nueva operaci\u00f3n en funci\u00f3n del par de divisas subyacente, su precio actual y el n\u00famero de unidades (o lotes para FX) negociados. El tama\u00f1o del lote siempre se refiere a la moneda base. Por ejemplo, supongamos que abre una mini cuenta que proporciona un apalancamiento de 200:1 o un margen del 0.5%. Las mini cuentas pueden negociar con mini lotes. Digamos que un mini lote equivale a $ 10,000. Si tuviera que abrir un mini lote, en lugar de tener que proporcionar los $ 10,000, solo necesitar\u00eda $ 50 ($ 10,000 x 0.5% = $ 50). El trading con margen tambi\u00e9n se aplica a otros productos como las acciones y los \u00edndices.<\/p><\/div>\n\t\t\t\t<\/div>\n\t\t\t\t\t\t\t<div class=\"elementor-accordion-item\">\n\t\t\t\t\t<div id=\"elementor-tab-title-1903\" class=\"elementor-tab-title\" data-tab=\"3\" role=\"button\" aria-controls=\"elementor-tab-content-1903\" aria-expanded=\"false\">\n\t\t\t\t\t\t\t\t\t\t\t\t\t<span class=\"elementor-accordion-icon elementor-accordion-icon-right\" aria-hidden=\"true\">\n\t\t\t\t\t\t\t\t\t\t\t\t\t\t\t<span class=\"elementor-accordion-icon-closed\"><i class=\"fas fa-plus\"><\/i><\/span>\n\t\t\t\t\t\t\t\t<span class=\"elementor-accordion-icon-opened\"><i class=\"fas fa-minus\"><\/i><\/span>\n\t\t\t\t\t\t\t\t\t\t\t\t\t\t<\/span>\n\t\t\t\t\t\t\t\t\t\t\t\t<a class=\"elementor-accordion-title\" tabindex=\"0\">\u00bfC\u00f3mo afecta el deslizamiento a mis operaciones?<\/a>\n\t\t\t\t\t<\/div>\n\t\t\t\t\t<div id=\"elementor-tab-content-1903\" class=\"elementor-tab-content elementor-clearfix\" data-tab=\"3\" role=\"region\" aria-labelledby=\"elementor-tab-title-1903\"><p>El deslizamiento se produce cuando no se obtiene el precio esperado (o incluso muy cerca de \u00e9l) al abrir una operaci\u00f3n en el mercado o al detener una p\u00e9rdida. Lo cual puede suceder por cualquiera de los 2 motivos siguientes: el precio del mercado simplemente se mueve demasiado r\u00e1pido, el mercado no es l\u00edquido o est\u00e1 abriendo operaciones a trav\u00e9s de un intermediario desmotivado que no aplica una pol\u00edtica de ejecuci\u00f3n adecuada. A veces, esta ser\u00e1 la diferencia entre utilizar un creador de mercado en lugar de un agente de bolsa de ejecuci\u00f3n directa.<\/p><\/div>\n\t\t\t\t<\/div>\n\t\t\t\t\t\t\t<div class=\"elementor-accordion-item\">\n\t\t\t\t\t<div id=\"elementor-tab-title-1904\" class=\"elementor-tab-title\" data-tab=\"4\" role=\"button\" aria-controls=\"elementor-tab-content-1904\" aria-expanded=\"false\">\n\t\t\t\t\t\t\t\t\t\t\t\t\t<span class=\"elementor-accordion-icon elementor-accordion-icon-right\" aria-hidden=\"true\">\n\t\t\t\t\t\t\t\t\t\t\t\t\t\t\t<span class=\"elementor-accordion-icon-closed\"><i class=\"fas fa-plus\"><\/i><\/span>\n\t\t\t\t\t\t\t\t<span class=\"elementor-accordion-icon-opened\"><i class=\"fas fa-minus\"><\/i><\/span>\n\t\t\t\t\t\t\t\t\t\t\t\t\t\t<\/span>\n\t\t\t\t\t\t\t\t\t\t\t\t<a class=\"elementor-accordion-title\" tabindex=\"0\">\u00bfQu\u00e9 son exactamente las opciones?<\/a>\n\t\t\t\t\t<\/div>\n\t\t\t\t\t<div id=\"elementor-tab-content-1904\" class=\"elementor-tab-content elementor-clearfix\" data-tab=\"4\" role=\"region\" aria-labelledby=\"elementor-tab-title-1904\"><p>Las opciones, como las de compra y venta, lo ayudan a cubrirse, pero tambi\u00e9n a especular e incluso modificar una operaci\u00f3n perdedora de una manera eficiente y rentable. Hay muchas posiciones combinadas que un trader puede usar para ganar cierta exposici\u00f3n al mercado. Algunos nombres de estas combinaciones son las opciones vendidas en cubierto o incluso las opciones de venta al descubierto. Su fijaci\u00f3n de precios se basa en varias variables que las hacen atractivas para todos los inversores. Esencialmente es un contrato entre 2 partes que acuerdan intercambiar un subyacente (ya sea una acci\u00f3n, un \u00edndice o una materia prima) a un precio espec\u00edfico dentro de un marco temporal espec\u00edfico; sin embargo, el 98% de todas las posiciones se liquidan en efectivo en t\u00e9rminos de P&amp;L y no se realiza la entrega f\u00edsica. Las opciones le dan una gran flexibilidad en comparaci\u00f3n con otras herramientas, ya que pueden ayudarlo a establecer posiciones que no son solo direccionales; es decir, pueden ser largas o cortas, pero tambien aprovechan la volatilidad o los movimientos laterales o incluso mercados lentos.<\/p><\/div>\n\t\t\t\t<\/div>\n\t\t\t\t\t\t\t\t<\/div>\n\t\t\t\t\t\t<\/div>\n\t\t\t\t<\/div>\n\t\t\t\t\t<\/div>\n\t\t<\/div>\n\t\t\t\t\t<\/div>\n\t\t<\/section>\n\t\t\t\t<\/div>","protected":false},"excerpt":{"rendered":"<p>FREQUENTLY ASKED QUESTIONS WHAT IS A CFD? A CFD (contract for difference) is a financial instrument which is based on an underlying and allows an investor\/trader to experience all the benefits and risks of owning that underlying without actually owning it. The CFD will reflect the underlying\u2019s movement, either a stock or an index or [&hellip;]<\/p>\n","protected":false},"author":3,"featured_media":0,"parent":0,"menu_order":0,"comment_status":"closed","ping_status":"closed","template":"elementor_header_footer","meta":{"_joinchat":[],"footnotes":""},"class_list":["post-179","page","type-page","status-publish","hentry"],"_links":{"self":[{"href":"https:\/\/ikantartzis.com\/es\/wp-json\/wp\/v2\/pages\/179","targetHints":{"allow":["GET"]}}],"collection":[{"href":"https:\/\/ikantartzis.com\/es\/wp-json\/wp\/v2\/pages"}],"about":[{"href":"https:\/\/ikantartzis.com\/es\/wp-json\/wp\/v2\/types\/page"}],"author":[{"embeddable":true,"href":"https:\/\/ikantartzis.com\/es\/wp-json\/wp\/v2\/users\/3"}],"replies":[{"embeddable":true,"href":"https:\/\/ikantartzis.com\/es\/wp-json\/wp\/v2\/comments?post=179"}],"version-history":[{"count":0,"href":"https:\/\/ikantartzis.com\/es\/wp-json\/wp\/v2\/pages\/179\/revisions"}],"wp:attachment":[{"href":"https:\/\/ikantartzis.com\/es\/wp-json\/wp\/v2\/media?parent=179"}],"curies":[{"name":"wp","href":"https:\/\/api.w.org\/{rel}","templated":true}]}}