{"id":3104,"date":"2025-06-10T15:14:15","date_gmt":"2025-06-10T15:14:15","guid":{"rendered":"https:\/\/ikantartzis.com\/?page_id=3104"},"modified":"2025-10-20T07:03:12","modified_gmt":"2025-10-20T07:03:12","slug":"%cf%84%ce%bf-%ce%b2%ce%b9%ce%b2%ce%bb%ce%af%ce%bf-%ce%bc%ce%bf%cf%85","status":"publish","type":"page","link":"https:\/\/ikantartzis.com\/es\/%cf%84%ce%bf-%ce%b2%ce%b9%ce%b2%ce%bb%ce%af%ce%bf-%ce%bc%ce%bf%cf%85\/","title":{"rendered":"\u03a4\u03bf \u03b2\u03b9\u03b2\u03bb\u03af\u03bf \u03bc\u03bf\u03c5"},"content":{"rendered":"<div data-elementor-type=\"wp-page\" data-elementor-id=\"3104\" class=\"elementor elementor-3104\" data-elementor-post-type=\"page\">\n\t\t\t\t<div class=\"elementor-element elementor-element-d100a8e seccion_fondovideo e-flex e-con-boxed e-con e-parent\" data-id=\"d100a8e\" data-element_type=\"container\" data-e-type=\"container\" data-settings=\"{&quot;background_background&quot;:&quot;classic&quot;}\">\n\t\t\t\t\t<div class=\"e-con-inner\">\n\t\t\t\t<div class=\"elementor-element elementor-element-ae52c51 elementor-widget elementor-widget-heading\" data-id=\"ae52c51\" data-element_type=\"widget\" data-e-type=\"widget\" data-widget_type=\"heading.default\">\n\t\t\t\t<div class=\"elementor-widget-container\">\n\t\t\t\t\t<h5 class=\"elementor-heading-title elementor-size-default\">IOANNIS KANTARTZIS<\/h5>\t\t\t\t<\/div>\n\t\t\t\t<\/div>\n\t\t\t\t\t<\/div>\n\t\t\t\t<\/div>\n\t\t<div class=\"elementor-element elementor-element-198c825 e-flex e-con-boxed e-con e-parent\" data-id=\"198c825\" data-element_type=\"container\" data-e-type=\"container\" data-settings=\"{&quot;background_background&quot;:&quot;classic&quot;}\">\n\t\t\t\t\t<div class=\"e-con-inner\">\n\t\t\t\t<div class=\"elementor-element elementor-element-2a21c2e elementor-widget elementor-widget-text-editor\" data-id=\"2a21c2e\" data-element_type=\"widget\" data-e-type=\"widget\" data-widget_type=\"text-editor.default\">\n\t\t\t\t<div class=\"elementor-widget-container\">\n\t\t\t\t\t\t\t\t\t<p><strong>\u038c\u03c4\u03b1\u03bd \u03ba\u03ac\u03bd\u03b5\u03b9\u03c2 \u03b1\u03c5\u03c4\u03cc \u03c0\u03bf\u03c5 \u03c0\u03c1\u03ad\u03c0\u03b5\u03b9 \u03bd\u03b1 \u03ba\u03ac\u03bd\u03b5\u03b9\u03c2,<\/strong><\/p><p>\u03c3\u03c5\u03bc\u03b2\u03b1\u03af\u03bd\u03b5\u03b9 \u03b1\u03c5\u03c4\u03cc \u03c0\u03bf\u03c5 \u03c0\u03c1\u03ad\u03c0\u03b5\u03b9 \u03bd\u03b1 \u03c3\u03c5\u03bc\u03b2\u03b5\u03af.<\/p><p>\u039a\u03bf\u03af\u03c4\u03b1.<\/p><p>\u0393\u03b9\u03b1 \u03bc\u03ad\u03bd\u03b1, \u03b7 \u03b5\u03c0\u03b9\u03c4\u03c5\u03c7\u03af\u03b1 \u03ad\u03c7\u03b5\u03b9 \u03b4\u03cd\u03bf \u03c3\u03c4\u03bf\u03b9\u03c7\u03b5\u03af\u03b1 \u03c0\u03bf\u03c5 \u03bc\u03c0\u03bf\u03c1\u03b5\u03af\u03c2 \u03bd\u03b1 \u03ba\u03bf\u03bd\u03c4\u03c1\u03bf\u03bb\u03ac\u03c1\u03b5\u03b9\u03c2:<\/p><p>\u03c0\u03c1\u03bf\u03b5\u03c4\u03bf\u03b9\u03bc\u03b1\u03c3\u03af\u03b1 \u03ba\u03b1\u03b9<\/p><p>\u03b5\u03c0\u03b9\u03bc\u03bf\u03bd\u03ae.<\/p><p>\u0394\u03b5\u03bd \u03be\u03ad\u03c1\u03c9 \u03c0\u03bf\u03b9\u03bf \u03b1\u03c0\u03cc \u03c4\u03b1 \u03b4\u03cd\u03bf \u03b5\u03af\u03bd\u03b1\u03b9 \u03c0\u03b9\u03bf \u03c3\u03b7\u03bc\u03b1\u03bd\u03c4\u03b9\u03ba\u03cc.<\/p><p>\u0391\u03c5\u03c4\u03cc \u03c0\u03bf\u03c5 \u03be\u03ad\u03c1\u03c9 \u03b5\u03af\u03bd\u03b1\u03b9 \u03cc\u03c4\u03b9 \u03c0\u03bf\u03bb\u03bb\u03bf\u03af \u03b1\u03c0\u03cc \u03b5\u03bc\u03ac\u03c2 \u03be\u03bf\u03b4\u03b5\u03cd\u03bf\u03c5\u03bc\u03b5 \u03cc\u03bb\u03b7 \u03bc\u03b1\u03c2 \u03c4\u03b7 \u03b6\u03c9\u03ae \u03b3\u03b9\u03b1 \u03bd\u03b1 \u03b3\u03b9\u03bd\u03cc\u03bc\u03b1\u03c3\u03c4\u03b5 \u03ba\u03ac\u03b8\u03b5 \u03bc\u03ad\u03c1\u03b1 \u03bb\u03af\u03b3\u03bf \u03ba\u03b1\u03bb\u03cd\u03c4\u03b5\u03c1\u03bf\u03b9.<\/p><p>\u03a4\u03b9 \u03b8\u03b1 \u03ad\u03bb\u03b5\u03b3\u03b5\u03c2, \u03bb\u03bf\u03b9\u03c0\u03cc\u03bd, \u03b1\u03bd \u03bc\u03c0\u03bf\u03c1\u03bf\u03cd\u03c3\u03b5\u03c2 \u03bd\u2019 \u03b1\u03c0\u03bf\u03ba\u03c4\u03ae\u03c3\u03b5\u03b9\u03c2 \u03c0\u03bf\u03bb\u03cd\u03c4\u03b9\u03bc\u03b5\u03c2 \u03b3\u03bd\u03ce\u03c3\u03b5\u03b9\u03c2 \u03bc\u03b5 \u03bc\u03b5\u03b3\u03ac\u03bb\u03bf \u03b1\u03bd\u03c4\u03af\u03ba\u03c4\u03c5\u03c0\u03bf \u03c3\u03c4\u03bf \u03bf\u03b9\u03ba\u03bf\u03bd\u03bf\u03bc\u03b9\u03ba\u03cc \u03c3\u03bf\u03c5 \u03c3\u03c7\u03ad\u03b4\u03b9\u03bf,<\/p><p>\u03bc\u03b5 \u03bb\u03b9\u03b3\u03cc\u03c4\u03b5\u03c1\u03b1 \u03b1\u03c0\u03cc <em>13,72 \u03b5\u03c5\u03c1\u03ce<\/em>;<\/p><p>\u039a\u03b1\u03bb\u03ac \u03c4\u03bf \u03ba\u03b1\u03c4\u03ac\u03bb\u03b1\u03b2\u03b5\u03c2,<\/p><p style=\"font-weight: 400;\">\u039a\u03b1\u03c4\u03ac \u03c4\u03b7 \u03c3\u03b7\u03bc\u03b5\u03c1\u03b9\u03bd\u03ae \u03bc\u03bf\u03c5 \u03b3\u03bd\u03ce\u03bc\u03b7, \u03c0\u03bf\u03c5 \u03b4\u03b5\u03bd \u03bc\u03bf\u03c5 \u03ad\u03c7\u03b5\u03b9 \u03b6\u03b7\u03c4\u03b7\u03b8\u03b5\u03af,<\/p><p style=\"font-weight: 400;\">\u03b5\u03af\u03bd\u03b1\u03b9 \u03cc\u03bb\u03bf \u03ba\u03b1\u03b9 \u03c0\u03b9\u03bf \u03b4\u03cd\u03c3\u03ba\u03bf\u03bb\u03bf \u03bd\u03b1 \u03b2\u03c1\u03b5\u03b9\u03c2 \u03ad\u03bd\u03b1 \u03ba\u03b1\u03bb\u03cc \u03b2\u03b9\u03b2\u03bb\u03af\u03bf \u03c0\u03bf\u03c5 \u03bd\u03b1 \u03c3\u03bf\u03c5 \u03b4\u03b9\u03b4\u03ac\u03c3\u03ba\u03b5\u03b9 \u03ba\u03ac\u03c4\u03b9 \u03c7\u03c1\u03ae\u03c3\u03b9\u03bc\u03bf.<\/p><p style=\"font-weight: 400;\">\u0388\u03bd\u03b1\u03c2 \u03b1\u03c0\u03cc \u03c4\u03bf\u03c5\u03c2 \u03c4\u03c1\u03cc\u03c0\u03bf\u03c5\u03c2, \u03cc\u03bc\u03c9\u03c2, \u03c0\u03bf\u03c5 \u03bc\u03c0\u03bf\u03c1\u03b5\u03af\u03c2 \u03bd\u03b1 \u03c6\u03b9\u03bb\u03c4\u03c1\u03ac\u03c1\u03b5\u03b9\u03c2 \u03c4\u03b7\u03bd \u03c0\u03bf\u03b9\u03cc\u03c4\u03b7\u03c4\u03b1 \u03b5\u03bd\u03cc\u03c2 \u03b2\u03b9\u03b2\u03bb\u03af\u03bf\u03c5,<\/p><p style=\"font-weight: 400;\">\u03b5\u03af\u03bd\u03b1\u03b9 \u03bd\u03b1 \u03b5\u03c0\u03b9\u03ba\u03b5\u03bd\u03c4\u03c1\u03c9\u03b8\u03b5\u03af\u03c2 \u03c3\u03b5 \u03b1\u03be\u03b9\u03cc\u03c0\u03b9\u03c3\u03c4\u03bf\u03c5\u03c2 \u03b5\u03ba\u03b4\u03bf\u03c4\u03b9\u03ba\u03bf\u03cd\u03c2 \u03bf\u03af\u03ba\u03bf\u03c5\u03c2 \u03c0\u03bf\u03c5 \u03bd\u03bf\u03b9\u03ac\u03b6\u03bf\u03bd\u03c4\u03b1\u03b9 \u03b3\u03b9\u03b1 \u03c4\u03bf \u03ba\u03cd\u03c1\u03bf\u03c2 \u03c4\u03bf\u03c5\u03c2.<\/p><p style=\"font-weight: 400;\">\u039a\u03b1\u03b9 \u03ad\u03bd\u03b1\u03c2 \u03b1\u03c0\u03cc \u03b1\u03c5\u03c4\u03bf\u03cd\u03c2 \u03b1\u03c0\u03bf\u03c6\u03ac\u03c3\u03b9\u03c3\u03b5 \u03bd\u03b1 \u03b5\u03ba\u03b4\u03ce\u03c3\u03b5\u03b9 \u03b1\u03c5\u03c4\u03cc \u03c4\u03bf \u03c0\u03c1\u03ce\u03c4\u03bf \u03bc\u03bf\u03c5 \u03b2\u03b9\u03b2\u03bb\u03af\u03bf.<\/p><p style=\"font-weight: 400;\">\u0391\u03bd\u03b1\u03c6\u03ad\u03c1\u03bf\u03bc\u03b1\u03b9 \u03c3\u03c4\u03bf\u03bd \u03b5\u03ba\u03b4\u03bf\u03c4\u03b9\u03ba\u03cc \u03bf\u03af\u03ba\u03bf <strong>CLAVE<\/strong> <strong>LIBROS<\/strong><strong>.<\/strong><\/p><p style=\"font-weight: 400;\">\u03a0\u03c1\u03bf\u03c3\u03c9\u03c0\u03b9\u03ba\u03ac \u03c0\u03ac\u03bd\u03c4\u03b1 \u03ae\u03b8\u03b5\u03bb\u03b1 \u03bd\u03b1 \u03b2\u03b5\u03bb\u03c4\u03b9\u03ce\u03bd\u03c9 \u03c4\u03b7\u03bd \u03bf\u03b9\u03ba\u03bf\u03bd\u03bf\u03bc\u03b9\u03ba\u03ae \u03bc\u03bf\u03c5 \u03ba\u03b1\u03c4\u03ac\u03c3\u03c4\u03b1\u03c3\u03b7.<\/p><p style=\"font-weight: 400;\">\u039a\u03b9 \u03ad\u03c7\u03c9 \u03c0\u03b5\u03c1\u03ac\u03c3\u03b5\u03b9 \u03bc\u03b9\u03b1 \u03b6\u03c9\u03ae \u03b4\u03b9\u03b1\u03b2\u03ac\u03b6\u03bf\u03bd\u03c4\u03b1\u03c2 (\u03c4\u03ce\u03c1\u03b1 \u03c0\u03b5\u03c1\u03b9\u03c3\u03c3\u03cc\u03c4\u03b5\u03c1\u03bf \u03b1\u03c0\u03cc \u03c0\u03bf\u03c4\u03ad), \u03b4\u03bf\u03c5\u03bb\u03b5\u03cd\u03bf\u03bd\u03c4\u03b1\u03c2 \u03ba\u03b1\u03b9 \u03b4\u03bf\u03ba\u03b9\u03bc\u03ac\u03b6\u03bf\u03bd\u03c4\u03b1\u03c2 \u03c4\u03b1 \u03c0\u03ac\u03bd\u03c4\u03b1 \u03bc\u03ad\u03c7\u03c1\u03b9 \u03bd\u03b1 \u03c6\u03c4\u03ac\u03c3\u03c9 \u03bd\u03b1 \u03c4\u03bf \u03c0\u03b5\u03c4\u03cd\u03c7\u03c9.<\/p><p style=\"font-weight: 400;\">\u0391\u03bb\u03bb\u03ac \u03b5\u03ac\u03bd \u03cc\u03c4\u03b1\u03bd \u03ae\u03bc\u03bf\u03c5\u03bd \u03c0\u03b9\u03c4\u03c3\u03b9\u03c1\u03b9\u03ba\u03ac\u03c2 \u03ae \u03c3\u03c4\u03b7\u03bd \u03b1\u03c1\u03c7\u03ae \u03c4\u03b7\u03c2 \u03ba\u03b1\u03c1\u03b9\u03ad\u03c1\u03b1\u03c2 \u03bc\u03bf\u03c5,<\/p><p style=\"font-weight: 400;\">\u03bc\u03bf\u03c5 \u03b5\u03af\u03c7\u03b5 \u03b4\u03b5\u03af\u03be\u03b5\u03b9 \u03ba\u03ac\u03c0\u03bf\u03b9\u03bf\u03c2 \u03b1\u03c5\u03c4\u03ac \u03c4\u03b1 \u03bf\u03c0\u03bf\u03af\u03b1 \u03bb\u03ad\u03c9 \u03c3\u03c4\u03bf \u03b2\u03b9\u03b2\u03bb\u03af\u03bf \u03bc\u03bf\u03c5, \u03cc\u03bb\u03b5\u03c2 \u03b1\u03c5\u03c4\u03ad\u03c2 \u03bf\u03b9 \u03c0\u03c1\u03bf\u03c3\u03c0\u03ac\u03b8\u03b5\u03b9\u03b5\u03c2<\/p><p style=\"font-weight: 400;\"><em>\u03b4\u03b5\u03bd<\/em> \u03b8\u03b1 \u03ae\u03c4\u03b1\u03bd \u03b1\u03c0\u03b1\u03c1\u03b1\u03af\u03c4\u03b7\u03c4\u03b5\u03c2.<\/p>\t\t\t\t\t\t\t\t<\/div>\n\t\t\t\t<\/div>\n\t\t\t\t\t<\/div>\n\t\t\t\t<\/div>\n\t\t<div class=\"elementor-element elementor-element-005ebf0 e-flex e-con-boxed e-con e-parent\" data-id=\"005ebf0\" data-element_type=\"container\" data-e-type=\"container\" data-settings=\"{&quot;background_background&quot;:&quot;classic&quot;}\">\n\t\t\t\t\t<div class=\"e-con-inner\">\n\t\t<div class=\"elementor-element elementor-element-1c19b1d e-con-full e-flex e-con e-child\" data-id=\"1c19b1d\" data-element_type=\"container\" data-e-type=\"container\">\n\t\t\t\t<div class=\"elementor-element elementor-element-a569523 elementor-widget elementor-widget-text-editor\" data-id=\"a569523\" data-element_type=\"widget\" data-e-type=\"widget\" data-widget_type=\"text-editor.default\">\n\t\t\t\t<div class=\"elementor-widget-container\">\n\t\t\t\t\t\t\t\t\t<p>\u03a3\u03bf\u03c5 \u03b5\u03b3\u03b3\u03c5\u03ce\u03bc\u03b1\u03b9 \u03cc\u03c4\u03b9 \u03b5\u03ac\u03bd \u03c8\u03ac\u03c7\u03bd\u03b5\u03b9\u03c2 \u03bd\u03b1 \u03b2\u03b5\u03bb\u03c4\u03b9\u03ce\u03c3\u03b5\u03b9\u03c2 \u03c4\u03bf \u03bf\u03b9\u03ba\u03bf\u03bd\u03bf\u03bc\u03b9\u03ba\u03cc \u03c3\u03bf\u03c5 \u03c3\u03c7\u03ad\u03b4\u03b9\u03bf \u03ba\u03b1\u03b9 \u03c4\u03b9\u03c2 \u03b5\u03c0\u03b5\u03bd\u03b4\u03cd\u03c3\u03b5\u03b9\u03c2 \u03c3\u03bf\u03c5, \u03b8\u03b1 \u03b2\u03c1\u03b5\u03b9\u03c2 \u03c4\u03bf\u03c5\u03bb\u03ac\u03c7\u03b9\u03c3\u03c4\u03bf\u03bd \u03ad\u03bd\u03b1 \u03bc\u03ac\u03b8\u03b7\u03bc\u03b1 \u03c3\u03c4\u03b9\u03c2 \u03c3\u03b5\u03bb\u03af\u03b4\u03b5\u03c2 \u03c4\u03bf\u03c5.<\/p><p>\ud83d\udc49 \u038a\u03c3\u03c9\u03c2 \u03bd\u03b1 \u03b5\u03af\u03bd\u03b1\u03b9 \u03b7 \u03b9\u03c3\u03c4\u03bf\u03c1\u03af\u03b1 \u03bc\u03b9\u03b1\u03c2 \u03bc\u03b5\u03c4\u03bf\u03c7\u03ae\u03c2 \u03c0\u03bf\u03c5 \u03c0\u03ae\u03c1\u03b5 \u03bb\u03ac\u03b8\u03bf\u03c2 \u03b4\u03c1\u03cc\u03bc\u03bf.<\/p><p>\ud83d\udc49 \u038a\u03c3\u03c9\u03c2 \u03b1\u03ba\u03cc\u03bc\u03b7 \u03b1\u03c5\u03c4\u03cc \u03c0\u03bf\u03c5 \u03bc\u03b1\u03c2 \u03b4\u03b9\u03b4\u03ac\u03c3\u03ba\u03bf\u03c5\u03bd \u03c4\u03b1 \u03b4\u03b9\u03b1\u03b3\u03c1\u03ac\u03bc\u03bc\u03b1\u03c4\u03b1 \u03b1\u03c0\u03cc \u03c4\u03bf 1980 \u03b3\u03b9\u03b1 \u03c4\u03b1 \u03bc\u03b5\u03b3\u03b1\u03bb\u03cd\u03c4\u03b5\u03c1\u03b1 \u03c7\u03c1\u03b7\u03bc\u03b1\u03c4\u03b9\u03c3\u03c4\u03ae\u03c1\u03b9\u03b1.<\/p><p>\ud83d\udc49 \u0389 \u03c4\u03b1 \u03c4\u03ad\u03c3\u03c3\u03b5\u03c1\u03b1 \u03b1\u03c0\u03bb\u03ac \u03b2\u03ae\u03bc\u03b1\u03c4\u03b1 \u03b3\u03b9\u03b1 \u03bd\u03b1 \u03bc\u03b5\u03b3\u03b1\u03bb\u03ce\u03c3\u03b5\u03b9\u03c2 \u03c4\u03bf \u03c7\u03b1\u03c1\u03c4\u03bf\u03c6\u03c5\u03bb\u03ac\u03ba\u03b9\u03cc \u03c3\u03bf\u03c5. \u03a4\u03bf \u03b2\u03b9\u03b2\u03bb\u03af\u03bf \u03c0\u03bf\u03c5 \u03c0\u03c1\u03ad\u03c0\u03b5\u03b9 \u03bd\u03b1 \u03b5\u03af\u03c7\u03b5\u03c2 \u03b4\u03b9\u03b1\u03b2\u03ac\u03c3\u03b5\u03b9, \u03c4\u03bf \u03c0\u03b1\u03c1\u03b1\u03b3\u03b3\u03ad\u03bb\u03bd\u03b5\u03b9\u03c2 \u03b1\u03c0\u03cc \u03c4\u03bf \u03c0\u03b1\u03c1\u03b1\u03ba\u03ac\u03c4\u03c9 link: <a href=\"https:\/\/keybooks.gr\/product\/ependyse-twra-m-eyxaristeis-meta\/?utm_source=email&amp;utm_medium=email+marketing\">\u0395\u03c0\u03ad\u03bd\u03b4\u03c5\u03c3\u03b5 \u03c4\u03ce\u03c1\u03b1<\/a>.<\/p><p style=\"text-align: left;\"><a href=\"https:\/\/keybooks.gr\/product\/ependyse-twra-m-eyxaristeis-meta\/?utm_source=email&amp;utm_medium=email+marketing\">\u039c\u2019 \u03b5\u03c5\u03c7\u03b1\u03c1\u03b9\u03c3\u03c4\u03b5\u03af\u03c2 \u03bc\u03b5\u03c4\u03ac<\/a> \u0394\u03b5\u03bd \u03c7\u03c1\u03b5\u03b9\u03ac\u03b6\u03b5\u03c4\u03b1\u03b9 \u03bd\u03b1 \u03c4\u03bf \u03b1\u03b3\u03bf\u03c1\u03ac\u03c3\u03b5\u03b9\u03c2. \u0391\u03bb\u03bb\u03ac \u03c6\u03b1\u03bd\u03c4\u03ac\u03c3\u03bf\u03c5 \u03c0\u03bf\u03cd \u03b8\u03b1 \u03bc\u03c0\u03bf\u03c1\u03bf\u03cd\u03c3\u03b5\u03c2 \u03bd\u03b1 \u03b2\u03c1\u03b9\u03c3\u03ba\u03cc\u03c3\u03bf\u03c5\u03bd \u03c3\u03b5 \u03ad\u03bd\u03b1 \u03c7\u03c1\u03cc\u03bd\u03bf \u03b1\u03c0\u03cc \u03c4\u03ce\u03c1\u03b1... \u03b1\u03bd \u03c4\u03bf \u03ad\u03ba\u03b1\u03bd\u03b5\u03c2. \u039f \u03bc\u03b5\u03bb\u03bb\u03bf\u03bd\u03c4\u03b9\u03ba\u03cc\u03c2 \u03c3\u03bf\u03c5 \u03b5\u03b1\u03c5\u03c4\u03cc\u03c2 \u03b8\u03b1 \u03c3\u2019 \u03b5\u03c5\u03c7\u03b1\u03c1\u03b9\u03c3\u03c4\u03b5\u03af, \u03ac\u03ba\u03bf\u03c5 \u03bc\u03b5 \u03c0\u03bf\u03c5 \u03c3\u03bf\u03c5 \u03bb\u03ad\u03c9. \u0393\u03b9\u03b1 \u03bd\u03b1 \u03c3\u2019 \u03b5\u03c5\u03c7\u03b1\u03c1\u03b9\u03c3\u03c4\u03ae\u03c3\u03c9 \u03ba\u03b9 \u03b5\u03b3\u03ce \u03bc\u03b5 \u03c4\u03b7 \u03c3\u03b5\u03b9\u03c1\u03ac \u03bc\u03bf\u03c5, \u03b8\u03b1 \u03c3\u03bf\u03c5 \u03c3\u03c4\u03b5\u03af\u03bb\u03c9, \u03bc\u03b5 \u03c4\u03b7\u03bd \u03b1\u03c0\u03cc\u03b4\u03b5\u03b9\u03be\u03b7 \u03c0\u03bb\u03b7\u03c1\u03c9\u03bc\u03ae\u03c2 \u03c3\u03c4\u03bf. <a href=\"mailto:in**@*********is.com\" data-original-string=\"C4qKK+NQfbnK0pQfgK1bAw==2d2x6CVxhXdlS66jTI10MGhLDF0FDx7CUIDh0s+nUMgoL8=\" title=\"Este contacto ha sido codificado por Anti-Spam by CleanTalk. Haz clic para decodificar. Para finalizar la decodificaci\u00f3n, aseg\u00farate de que JavaScript est\u00e1 activado en tu navegador.\"><span \n                data-original-string='EbzqMSwKRsDtYFC42NLBBg==2d276ncsp8R2QzdZ3J4edngs6RFQ8c4sjg0Eg3Ks2vnk3Y='\n                class='apbct-email-encoder'\n                title='Este contacto ha sido codificado por Anti-Spam by CleanTalk. Haz clic para decodificar. Para finalizar la decodificaci\u00f3n, aseg\u00farate de que JavaScript est\u00e1 activado en tu navegador.'>en<span class=\"apbct-blur\">**<\/span>@<span class=\"apbct-blur\">*********<\/span>es.es<\/span><\/a> \u03ba\u03b1\u03b9 \u03c4\u03b9\u03c2 20 \u03ba\u03b1\u03bb\u03cd\u03c4\u03b5\u03c1\u03b5\u03c2 \u03c3\u03c5\u03bd\u03b5\u03bd\u03c4\u03b5\u03cd\u03be\u03b5\u03b9\u03c2 \u03b1\u03c0\u03cc \u03c4\u03bf \u03c0\u03b5\u03c1\u03b9\u03bf\u03b4\u03b9\u03ba\u03cc \u03bc\u03bf\u03c5, \u03c4\u03bf TRADERS\u2019 MAGAZINE, \u03bc\u03b5 \u03b1\u03bd\u03b8\u03c1\u03ce\u03c0\u03bf\u03c5\u03c2 \u03c4\u03bf\u03c5 \u03c7\u03c1\u03b7\u03bc\u03b1\u03c4\u03b9\u03c3\u03c4\u03b7\u03c1\u03b9\u03b1\u03ba\u03bf\u03cd \u03c7\u03ce\u03c1\u03bf\u03c5 \u03c0\u03b1\u03b3\u03ba\u03bf\u03c3\u03bc\u03af\u03c9\u03c2.<\/p><p style=\"text-align: left;\">\u03a4\u03cd\u03c0\u03bf\u03c5\u03c2 \u03c3\u03b1\u03bd \u03c4\u03bf\u03bd Mark Mobius, John Bollinger, Larry Williams, Ralph Acampora, Jack Schwager, Jack Sparrow, Tom Sosnoff... \u0395\u03b3\u03ce \u03c3\u03c4\u03b7 \u03b8\u03ad\u03c3\u03b7 \u03c3\u03bf\u03c5 \u03b4\u03b5\u03bd \u03b8\u03b1 \u03c4\u03bf \u03ad\u03c7\u03b1\u03bd\u03b1!<\/p><p style=\"text-align: left;\"><strong>\u00a0 \u00a0 \u00a0 \u00a0 \u00a0 \u00a0 \u00a0 \u00a0 \u00a0 \u00a0 \u00a0 \u00a0\u0395\u03af\u03c4\u03b5 \u03b3\u03c1\u03ac\u03c8\u03b5 \u03ba\u03ac\u03c4\u03b9 \u03c0\u03bf\u03c5 \u03b1\u03be\u03af\u03b6\u03b5\u03b9 \u03bd\u03b1 \u03b4\u03b9\u03b1\u03b2\u03b1\u03c3\u03c4\u03b5\u03af, <\/strong><br \/><strong>\u00a0 \u00a0 \u00a0 \u00a0 \u00a0 \u00a0 \u00a0 \u00a0 \u00a0 \u00a0 \u00a0 \u00a0\u03b5\u03af\u03c4\u03b5 \u03ba\u03ac\u03bd\u03b5 \u03ba\u03ac\u03c4\u03b9 \u03c0\u03bf\u03c5 \u03b1\u03be\u03af\u03b6\u03b5\u03b9 \u03bd\u03b1 \u03b3\u03c1\u03b1\u03c6\u03c4\u03b5\u03af.<\/strong><\/p><p>\u03b3\u03b9\u03ac\u03bd\u03bd\u03b7\u03c2<\/p><p>\u03a5\u03931 \u038c\u03bb\u03b1 \u03c4\u03b1 \u03ad\u03c3\u03bf\u03b4\u03b1 \u03c4\u03bf\u03c5 \u03b2\u03b9\u03b2\u03bb\u03af\u03bf\u03c5 \u03c0\u03b7\u03b3\u03b1\u03af\u03bd\u03bf\u03c5\u03bd \u03c3\u03c4\u03bf \u03a0\u03b1\u03b9\u03b4\u03b9\u03ba\u03cc \u03a7\u03c9\u03c1\u03b9\u03cc \u03a3\u039f\u03a3.<\/p>\t\t\t\t\t\t\t\t<\/div>\n\t\t\t\t<\/div>\n\t\t\t\t<\/div>\n\t\t<div class=\"elementor-element elementor-element-42b6ec3 e-con-full e-flex e-con e-child\" data-id=\"42b6ec3\" data-element_type=\"container\" data-e-type=\"container\">\n\t\t\t\t<div class=\"elementor-element elementor-element-46b14dc elementor-widget elementor-widget-image\" data-id=\"46b14dc\" data-element_type=\"widget\" data-e-type=\"widget\" data-widget_type=\"image.default\">\n\t\t\t\t<div class=\"elementor-widget-container\">\n\t\t\t\t\t\t\t\t\t\t\t\t\t\t\t\t<a href=\"https:\/\/keybooks.gr\/product\/ependyse-twra-m-eyxaristeis-meta\/?utm_source=email&#038;utm_medium=email+marketing\">\n\t\t\t\t\t\t\t<img fetchpriority=\"high\" decoding=\"async\" width=\"1024\" height=\"1024\" src=\"https:\/\/ikantartzis.com\/wp-content\/uploads\/2025\/06\/Yannis-book--1024x1024.png\" class=\"attachment-large size-large wp-image-3114\" alt=\"\" srcset=\"https:\/\/ikantartzis.com\/wp-content\/uploads\/2025\/06\/Yannis-book--1024x1024.png 1024w, https:\/\/ikantartzis.com\/wp-content\/uploads\/2025\/06\/Yannis-book--300x300.png 300w, https:\/\/ikantartzis.com\/wp-content\/uploads\/2025\/06\/Yannis-book--150x150.png 150w, https:\/\/ikantartzis.com\/wp-content\/uploads\/2025\/06\/Yannis-book--768x768.png 768w, https:\/\/ikantartzis.com\/wp-content\/uploads\/2025\/06\/Yannis-book--12x12.png 12w, https:\/\/ikantartzis.com\/wp-content\/uploads\/2025\/06\/Yannis-book-.png 1080w\" sizes=\"(max-width: 1024px) 100vw, 1024px\" \/>\t\t\t\t\t\t\t\t<\/a>\n\t\t\t\t\t\t\t\t\t\t\t\t\t\t\t<\/div>\n\t\t\t\t<\/div>\n\t\t\t\t<\/div>\n\t\t\t\t\t<\/div>\n\t\t\t\t<\/div>\n\t\t\t\t<\/div>","protected":false},"excerpt":{"rendered":"<p>IOANNIS KANTARTZIS \u038c\u03c4\u03b1\u03bd \u03ba\u03ac\u03bd\u03b5\u03b9\u03c2 \u03b1\u03c5\u03c4\u03cc \u03c0\u03bf\u03c5 \u03c0\u03c1\u03ad\u03c0\u03b5\u03b9 \u03bd\u03b1 \u03ba\u03ac\u03bd\u03b5\u03b9\u03c2, \u03c3\u03c5\u03bc\u03b2\u03b1\u03af\u03bd\u03b5\u03b9 \u03b1\u03c5\u03c4\u03cc \u03c0\u03bf\u03c5 \u03c0\u03c1\u03ad\u03c0\u03b5\u03b9 \u03bd\u03b1 \u03c3\u03c5\u03bc\u03b2\u03b5\u03af. \u039a\u03bf\u03af\u03c4\u03b1. \u0393\u03b9\u03b1 \u03bc\u03ad\u03bd\u03b1, \u03b7 \u03b5\u03c0\u03b9\u03c4\u03c5\u03c7\u03af\u03b1 \u03ad\u03c7\u03b5\u03b9 \u03b4\u03cd\u03bf \u03c3\u03c4\u03bf\u03b9\u03c7\u03b5\u03af\u03b1 \u03c0\u03bf\u03c5 \u03bc\u03c0\u03bf\u03c1\u03b5\u03af\u03c2 \u03bd\u03b1 \u03ba\u03bf\u03bd\u03c4\u03c1\u03bf\u03bb\u03ac\u03c1\u03b5\u03b9\u03c2: \u03c0\u03c1\u03bf\u03b5\u03c4\u03bf\u03b9\u03bc\u03b1\u03c3\u03af\u03b1 \u03ba\u03b1\u03b9 \u03b5\u03c0\u03b9\u03bc\u03bf\u03bd\u03ae. \u0394\u03b5\u03bd \u03be\u03ad\u03c1\u03c9 \u03c0\u03bf\u03b9\u03bf \u03b1\u03c0\u03cc \u03c4\u03b1 \u03b4\u03cd\u03bf \u03b5\u03af\u03bd\u03b1\u03b9 \u03c0\u03b9\u03bf \u03c3\u03b7\u03bc\u03b1\u03bd\u03c4\u03b9\u03ba\u03cc. \u0391\u03c5\u03c4\u03cc \u03c0\u03bf\u03c5 \u03be\u03ad\u03c1\u03c9 \u03b5\u03af\u03bd\u03b1\u03b9 \u03cc\u03c4\u03b9 \u03c0\u03bf\u03bb\u03bb\u03bf\u03af \u03b1\u03c0\u03cc \u03b5\u03bc\u03ac\u03c2 \u03be\u03bf\u03b4\u03b5\u03cd\u03bf\u03c5\u03bc\u03b5 \u03cc\u03bb\u03b7 \u03bc\u03b1\u03c2 \u03c4\u03b7 \u03b6\u03c9\u03ae \u03b3\u03b9\u03b1 \u03bd\u03b1 \u03b3\u03b9\u03bd\u03cc\u03bc\u03b1\u03c3\u03c4\u03b5 [&hellip;]<\/p>\n","protected":false},"author":3,"featured_media":0,"parent":0,"menu_order":0,"comment_status":"closed","ping_status":"closed","template":"","meta":{"_joinchat":[],"footnotes":""},"class_list":["post-3104","page","type-page","status-publish","hentry"],"_links":{"self":[{"href":"https:\/\/ikantartzis.com\/es\/wp-json\/wp\/v2\/pages\/3104","targetHints":{"allow":["GET"]}}],"collection":[{"href":"https:\/\/ikantartzis.com\/es\/wp-json\/wp\/v2\/pages"}],"about":[{"href":"https:\/\/ikantartzis.com\/es\/wp-json\/wp\/v2\/types\/page"}],"author":[{"embeddable":true,"href":"https:\/\/ikantartzis.com\/es\/wp-json\/wp\/v2\/users\/3"}],"replies":[{"embeddable":true,"href":"https:\/\/ikantartzis.com\/es\/wp-json\/wp\/v2\/comments?post=3104"}],"version-history":[{"count":3,"href":"https:\/\/ikantartzis.com\/es\/wp-json\/wp\/v2\/pages\/3104\/revisions"}],"predecessor-version":[{"id":3298,"href":"https:\/\/ikantartzis.com\/es\/wp-json\/wp\/v2\/pages\/3104\/revisions\/3298"}],"wp:attachment":[{"href":"https:\/\/ikantartzis.com\/es\/wp-json\/wp\/v2\/media?parent=3104"}],"curies":[{"name":"wp","href":"https:\/\/api.w.org\/{rel}","templated":true}]}}